{"id":4306,"date":"2020-09-26T04:24:30","date_gmt":"2020-09-26T04:24:30","guid":{"rendered":"http:\/\/ecigroupe.com\/?page_id=4306"},"modified":"2023-05-23T17:28:11","modified_gmt":"2023-05-23T16:28:11","slug":"why-choose-us","status":"publish","type":"page","link":"https:\/\/epsilone.net\/?page_id=4306","title":{"rendered":"NOS REFERENCES"},"content":{"rendered":"\t\t<div data-elementor-type=\"wp-page\" data-elementor-id=\"4306\" class=\"elementor elementor-4306\">\n\t\t\t\t\t\t<section class=\"elementor-section elementor-top-section elementor-element elementor-element-def5715 elementor-section-boxed elementor-section-height-default elementor-section-height-default\" data-id=\"def5715\" data-element_type=\"section\">\n\t\t\t\t\t\t<div class=\"elementor-container elementor-column-gap-default\">\n\t\t\t\t\t<div class=\"elementor-column elementor-col-100 elementor-top-column elementor-element elementor-element-b98744c\" data-id=\"b98744c\" data-element_type=\"column\">\n\t\t\t<div class=\"elementor-widget-wrap elementor-element-populated\">\n\t\t\t\t\t\t<div class=\"elementor-element elementor-element-87e2efc elementor-widget elementor-widget-heading\" data-id=\"87e2efc\" data-element_type=\"widget\" data-widget_type=\"heading.default\">\n\t\t\t\t<div class=\"elementor-widget-container\">\n\t\t\t\t\t<h2 class=\"elementor-heading-title elementor-size-default\">NOS R\u00c9F\u00c9RENCES<\/h2>\t\t\t\t<\/div>\n\t\t\t\t<\/div>\n\t\t\t\t\t<\/div>\n\t\t<\/div>\n\t\t\t\t\t<\/div>\n\t\t<\/section>\n\t\t\t\t<section class=\"elementor-section elementor-top-section elementor-element elementor-element-7481e61 elementor-section-boxed elementor-section-height-default elementor-section-height-default\" data-id=\"7481e61\" data-element_type=\"section\">\n\t\t\t\t\t\t<div class=\"elementor-container elementor-column-gap-default\">\n\t\t\t\t\t<div class=\"elementor-column elementor-col-100 elementor-top-column elementor-element elementor-element-34efa08\" data-id=\"34efa08\" data-element_type=\"column\">\n\t\t\t<div class=\"elementor-widget-wrap elementor-element-populated\">\n\t\t\t\t\t\t<div class=\"elementor-element elementor-element-0e6e268 elementor-tabs-view-vertical elementor-widget elementor-widget-tabs\" data-id=\"0e6e268\" data-element_type=\"widget\" data-widget_type=\"tabs.default\">\n\t\t\t\t<div class=\"elementor-widget-container\">\n\t\t\t\t\t\t\t<div class=\"elementor-tabs\">\n\t\t\t<div class=\"elementor-tabs-wrapper\" role=\"tablist\" >\n\t\t\t\t\t\t\t\t\t<div id=\"elementor-tab-title-1511\" class=\"elementor-tab-title elementor-tab-desktop-title\" aria-selected=\"true\" data-tab=\"1\" role=\"tab\" tabindex=\"0\" aria-controls=\"elementor-tab-content-1511\" aria-expanded=\"false\">Commissariat aux Comptes <\/div>\n\t\t\t\t\t\t\t\t\t<div id=\"elementor-tab-title-1512\" class=\"elementor-tab-title elementor-tab-desktop-title\" aria-selected=\"false\" data-tab=\"2\" role=\"tab\" tabindex=\"-1\" aria-controls=\"elementor-tab-content-1512\" aria-expanded=\"false\">Expertise comptable et missions diverses <\/div>\n\t\t\t\t\t\t\t\t\t<div id=\"elementor-tab-title-1513\" class=\"elementor-tab-title elementor-tab-desktop-title\" aria-selected=\"false\" data-tab=\"3\" role=\"tab\" tabindex=\"-1\" aria-controls=\"elementor-tab-content-1513\" aria-expanded=\"false\">Conseils, Gestion des ressources humaines et Administration de la paie<\/div>\n\t\t\t\t\t\t\t<\/div>\n\t\t\t<div class=\"elementor-tabs-content-wrapper\" role=\"tablist\" aria-orientation=\"vertical\">\n\t\t\t\t\t\t\t\t\t<div class=\"elementor-tab-title elementor-tab-mobile-title\" aria-selected=\"true\" data-tab=\"1\" role=\"tab\" tabindex=\"0\" aria-controls=\"elementor-tab-content-1511\" aria-expanded=\"false\">Commissariat aux Comptes <\/div>\n\t\t\t\t\t<div id=\"elementor-tab-content-1511\" class=\"elementor-tab-content elementor-clearfix\" data-tab=\"1\" role=\"tabpanel\" aria-labelledby=\"elementor-tab-title-1511\" tabindex=\"0\" hidden=\"false\"><ul><li>SOGEDI (ANCIEN AIR LIQUIDE)<\/li><li>Pharmacie Centrale de Guin\u00e9e (PCG)<\/li><li>AECI<\/li><li>MC BAUCHEMIE<\/li><li>FOREVER LIVING PRODUCTS<\/li><li>TOUMNYNE SARL<\/li><li>LANALA ASSURANCES<\/li><li>FLUICONNECTO<\/li><li>LANALA VIE<\/li><li>COMPAGIE FRUITIERE DE DABOYAH (CFD)<\/li><li>LANALA FINANCES<\/li><li>SOGUIMAP<\/li><li>AFRIBONE<\/li><li>ONOMO HOTEL<\/li><li>Fonds de Garantie de Pr\u00eats aux Entreprises (FGPE)<\/li><\/ul><\/div>\n\t\t\t\t\t\t\t\t\t<div class=\"elementor-tab-title elementor-tab-mobile-title\" aria-selected=\"false\" data-tab=\"2\" role=\"tab\" tabindex=\"-1\" aria-controls=\"elementor-tab-content-1512\" aria-expanded=\"false\">Expertise comptable et missions diverses <\/div>\n\t\t\t\t\t<div id=\"elementor-tab-content-1512\" class=\"elementor-tab-content elementor-clearfix\" data-tab=\"2\" role=\"tabpanel\" aria-labelledby=\"elementor-tab-title-1512\" tabindex=\"0\" hidden=\"hidden\"><ul><li>SGBG<\/li><li>UGAR-ACTIVA<\/li><li>FLUOR GUINEE<\/li><li>CANAL + GUINEE<\/li><li>CDM CHINE<\/li><li>MW MARKETING SERVICES<\/li><li>SOCI\u00c9T\u00c9 DE RAFFINAGE GUIN\u00c9E<\/li><li>BELZONE \u00a0\u00a0\u00a0\u00a0\u00a0\u00a0\u00a0\u00a0\u00a0\u00a0\u00a0\u00a0\u00a0\u00a0<\/li><li>BONAGUI<\/li><li>GEOTEC<\/li><li>GLOBETRANS (SA ET FORAGE)<\/li><li>TURKISH AIRLINES (SUCCURSALE DE GUINEE)<\/li><li>SOCITECH<\/li><li>IAMGOLD EXPLORATION<\/li><li>AIR COTE D\u2019IVOIRE (SUCCURSALE DE GUINEE)<\/li><li>MCCANN &#8211; CONAKRY<\/li><li>STELLIS<\/li><li>CIS<\/li><li>SC AFRIQUE<\/li><li>2TM LOGISTIC<\/li><li>COURTCOM<\/li><li>YREC<\/li><li>SMC NEGOCE<\/li><li>ROYAL AIR MAROC (SUCCURSALE GUINEE)<\/li><li>ALBAYRAK<\/li><li>ASHAPURA GUINEA RESOURCES<\/li><li>TAISHAN CAMIONS<\/li><li>MAN ENERGY SOLUTIONS GUINEE<\/li><li>FROTCOM GUINEE<\/li><li>MONICA Mining Guin\u00e9e<\/li><li>Fonds d\u2019Appui \u00e0 la Promotion des Gaz (FAPGAZ)<\/li><li>AKALIKO GUINEE<\/li><\/ul><\/div>\n\t\t\t\t\t\t\t\t\t<div class=\"elementor-tab-title elementor-tab-mobile-title\" aria-selected=\"false\" data-tab=\"3\" role=\"tab\" tabindex=\"-1\" aria-controls=\"elementor-tab-content-1513\" aria-expanded=\"false\">Conseils, Gestion des ressources humaines et Administration de la paie<\/div>\n\t\t\t\t\t<div id=\"elementor-tab-content-1513\" class=\"elementor-tab-content elementor-clearfix\" data-tab=\"3\" role=\"tabpanel\" aria-labelledby=\"elementor-tab-title-1513\" tabindex=\"0\" hidden=\"hidden\"><ul><li>BONAGUI<\/li><li>MW MARKETING SERVICES<\/li><li>GLOBETRANS (SA ET FORAGE)<\/li><li>CANAL + GUINEE<\/li><li>FLUOR GUINEE<\/li><li>MCCANN<\/li><li>AKALIKO GUINEA<\/li><li>ABM TECHNOLOGIES<\/li><li>AIR COTE D\u2019IVOIRE (SUCCURSALE)<\/li><li>SKYVISION<\/li><li>INSTITUTION SAINTE MARIE<\/li><li>CIS<\/li><li>GEOTEC<\/li><li>TAISHAN CAMIONS<\/li><li>TURKISH AIRLINES (SUCCURSALE)<\/li><li>SMC NEGOCE<\/li><li>COURTCOM<\/li><li>IAMGOLD EXPLORATION<\/li><li>ROYAL AIR MAROC (SUCCURSALE GUINEE)<\/li><li>SOCIETE DE RAFFINAGE GUINEE<\/li><li>MAN ENERGY SOLUTIONS GUINEE<\/li><\/ul><p><span style=\"font-weight: 400;\">CORICA Mining Guin\u00e9e<\/span><\/p><\/div>\n\t\t\t\t\t\t\t<\/div>\n\t\t<\/div>\n\t\t\t\t\t\t<\/div>\n\t\t\t\t<\/div>\n\t\t\t\t<div class=\"elementor-element elementor-element-6f9f7b2 elementor-arrows-position-outside elementor-widget elementor-widget-image-carousel\" data-id=\"6f9f7b2\" data-element_type=\"widget\" data-settings=\"{&quot;slides_to_show&quot;:&quot;6&quot;,&quot;navigation&quot;:&quot;arrows&quot;,&quot;autoplay&quot;:&quot;yes&quot;,&quot;pause_on_hover&quot;:&quot;yes&quot;,&quot;pause_on_interaction&quot;:&quot;yes&quot;,&quot;autoplay_speed&quot;:5000,&quot;infinite&quot;:&quot;yes&quot;,&quot;speed&quot;:500}\" data-widget_type=\"image-carousel.default\">\n\t\t\t\t<div class=\"elementor-widget-container\">\n\t\t\t\t\t\t\t<div class=\"elementor-image-carousel-wrapper swiper\" role=\"region\" aria-roledescription=\"carousel\" aria-label=\"Carrousel d\u2019images\" dir=\"ltr\">\n\t\t\t<div class=\"elementor-image-carousel swiper-wrapper\" aria-live=\"off\">\n\t\t\t\t\t\t\t\t<div class=\"swiper-slide\" role=\"group\" aria-roledescription=\"slide\" aria-label=\"1 sur 22\"><figure class=\"swiper-slide-inner\"><img decoding=\"async\" class=\"swiper-slide-image\" src=\"https:\/\/epsilone.net\/wp-content\/uploads\/2023\/05\/Plan-de-travail-1.png\" alt=\"Plan de travail 1\" \/><\/figure><\/div><div class=\"swiper-slide\" role=\"group\" aria-roledescription=\"slide\" aria-label=\"2 sur 22\"><figure class=\"swiper-slide-inner\"><img decoding=\"async\" class=\"swiper-slide-image\" src=\"https:\/\/epsilone.net\/wp-content\/uploads\/2023\/05\/Plan-de-travail-2.png\" alt=\"Plan de travail 2\" \/><\/figure><\/div><div class=\"swiper-slide\" role=\"group\" aria-roledescription=\"slide\" aria-label=\"3 sur 22\"><figure class=\"swiper-slide-inner\"><img decoding=\"async\" class=\"swiper-slide-image\" src=\"https:\/\/epsilone.net\/wp-content\/uploads\/2023\/05\/Plan-de-travail-3.png\" alt=\"Plan de travail 3\" \/><\/figure><\/div><div class=\"swiper-slide\" role=\"group\" aria-roledescription=\"slide\" aria-label=\"4 sur 22\"><figure class=\"swiper-slide-inner\"><img decoding=\"async\" class=\"swiper-slide-image\" src=\"https:\/\/epsilone.net\/wp-content\/uploads\/2023\/05\/Plan-de-travail-4.png\" alt=\"Plan de travail 4\" \/><\/figure><\/div><div class=\"swiper-slide\" role=\"group\" aria-roledescription=\"slide\" aria-label=\"5 sur 22\"><figure class=\"swiper-slide-inner\"><img decoding=\"async\" class=\"swiper-slide-image\" src=\"https:\/\/epsilone.net\/wp-content\/uploads\/2023\/05\/Plan-de-travail-5.png\" alt=\"Plan de travail 5\" \/><\/figure><\/div><div class=\"swiper-slide\" role=\"group\" aria-roledescription=\"slide\" aria-label=\"6 sur 22\"><figure class=\"swiper-slide-inner\"><img decoding=\"async\" class=\"swiper-slide-image\" src=\"https:\/\/epsilone.net\/wp-content\/uploads\/2023\/05\/Plan-de-travail-6.png\" alt=\"Plan de travail 6\" \/><\/figure><\/div><div class=\"swiper-slide\" role=\"group\" aria-roledescription=\"slide\" aria-label=\"7 sur 22\"><figure class=\"swiper-slide-inner\"><img decoding=\"async\" class=\"swiper-slide-image\" src=\"https:\/\/epsilone.net\/wp-content\/uploads\/2023\/05\/Plan-de-travail-7.png\" alt=\"Plan de travail 7\" \/><\/figure><\/div><div class=\"swiper-slide\" role=\"group\" aria-roledescription=\"slide\" aria-label=\"8 sur 22\"><figure class=\"swiper-slide-inner\"><img decoding=\"async\" class=\"swiper-slide-image\" src=\"https:\/\/epsilone.net\/wp-content\/uploads\/2023\/05\/Plan-de-travail-8.png\" alt=\"Plan de travail 8\" \/><\/figure><\/div><div class=\"swiper-slide\" role=\"group\" aria-roledescription=\"slide\" aria-label=\"9 sur 22\"><figure class=\"swiper-slide-inner\"><img decoding=\"async\" class=\"swiper-slide-image\" src=\"https:\/\/epsilone.net\/wp-content\/uploads\/2023\/05\/Plan-de-travail-9.png\" alt=\"Plan de travail 9\" \/><\/figure><\/div><div class=\"swiper-slide\" role=\"group\" aria-roledescription=\"slide\" aria-label=\"10 sur 22\"><figure class=\"swiper-slide-inner\"><img decoding=\"async\" class=\"swiper-slide-image\" src=\"https:\/\/epsilone.net\/wp-content\/uploads\/2023\/05\/Plan-de-travail-10.png\" alt=\"Plan de travail 10\" \/><\/figure><\/div><div class=\"swiper-slide\" role=\"group\" aria-roledescription=\"slide\" aria-label=\"11 sur 22\"><figure class=\"swiper-slide-inner\"><img decoding=\"async\" class=\"swiper-slide-image\" src=\"https:\/\/epsilone.net\/wp-content\/uploads\/2023\/05\/Plan-de-travail-11-300x67.png\" alt=\"Plan de travail 11\" \/><\/figure><\/div><div class=\"swiper-slide\" role=\"group\" aria-roledescription=\"slide\" aria-label=\"12 sur 22\"><figure class=\"swiper-slide-inner\"><img decoding=\"async\" class=\"swiper-slide-image\" src=\"https:\/\/epsilone.net\/wp-content\/uploads\/2023\/05\/Plan-de-travail-14.png\" alt=\"Plan de travail 14\" \/><\/figure><\/div><div class=\"swiper-slide\" role=\"group\" aria-roledescription=\"slide\" aria-label=\"13 sur 22\"><figure class=\"swiper-slide-inner\"><img decoding=\"async\" class=\"swiper-slide-image\" src=\"https:\/\/epsilone.net\/wp-content\/uploads\/2023\/05\/Plan-de-travail-15-300x145.png\" alt=\"Plan de travail 15\" \/><\/figure><\/div><div class=\"swiper-slide\" role=\"group\" aria-roledescription=\"slide\" aria-label=\"14 sur 22\"><figure class=\"swiper-slide-inner\"><img decoding=\"async\" class=\"swiper-slide-image\" src=\"https:\/\/epsilone.net\/wp-content\/uploads\/2023\/05\/Plan-de-travail-16-300x101.png\" alt=\"Plan de travail 16\" \/><\/figure><\/div><div class=\"swiper-slide\" role=\"group\" aria-roledescription=\"slide\" aria-label=\"15 sur 22\"><figure class=\"swiper-slide-inner\"><img decoding=\"async\" class=\"swiper-slide-image\" src=\"https:\/\/epsilone.net\/wp-content\/uploads\/2023\/05\/Plan-de-travail-18.png\" alt=\"Plan de travail 18\" \/><\/figure><\/div><div class=\"swiper-slide\" role=\"group\" aria-roledescription=\"slide\" aria-label=\"16 sur 22\"><figure class=\"swiper-slide-inner\"><img decoding=\"async\" class=\"swiper-slide-image\" src=\"https:\/\/epsilone.net\/wp-content\/uploads\/2023\/05\/Plan-de-travail-19-300x113.png\" alt=\"Plan de travail 19\" \/><\/figure><\/div><div class=\"swiper-slide\" role=\"group\" aria-roledescription=\"slide\" aria-label=\"17 sur 22\"><figure class=\"swiper-slide-inner\"><img decoding=\"async\" class=\"swiper-slide-image\" src=\"https:\/\/epsilone.net\/wp-content\/uploads\/2023\/05\/Plan-de-travail-20-300x110.png\" alt=\"Plan de travail 20\" \/><\/figure><\/div><div class=\"swiper-slide\" role=\"group\" aria-roledescription=\"slide\" aria-label=\"18 sur 22\"><figure class=\"swiper-slide-inner\"><img decoding=\"async\" class=\"swiper-slide-image\" src=\"https:\/\/epsilone.net\/wp-content\/uploads\/2023\/05\/Plan-de-travail-21.png\" alt=\"Plan de travail 21\" \/><\/figure><\/div><div class=\"swiper-slide\" role=\"group\" aria-roledescription=\"slide\" aria-label=\"19 sur 22\"><figure class=\"swiper-slide-inner\"><img decoding=\"async\" class=\"swiper-slide-image\" src=\"https:\/\/epsilone.net\/wp-content\/uploads\/2023\/05\/Plan-de-travail-22.png\" alt=\"Plan de travail 22\" \/><\/figure><\/div><div class=\"swiper-slide\" role=\"group\" aria-roledescription=\"slide\" aria-label=\"20 sur 22\"><figure class=\"swiper-slide-inner\"><img decoding=\"async\" class=\"swiper-slide-image\" src=\"https:\/\/epsilone.net\/wp-content\/uploads\/2023\/05\/Plan-de-travail-23.png\" alt=\"Plan de travail 23\" \/><\/figure><\/div><div class=\"swiper-slide\" role=\"group\" aria-roledescription=\"slide\" aria-label=\"21 sur 22\"><figure class=\"swiper-slide-inner\"><img decoding=\"async\" class=\"swiper-slide-image\" src=\"https:\/\/epsilone.net\/wp-content\/uploads\/2023\/05\/Plan-de-travail-24.png\" alt=\"Plan de travail 24\" \/><\/figure><\/div><div class=\"swiper-slide\" role=\"group\" aria-roledescription=\"slide\" aria-label=\"22 sur 22\"><figure class=\"swiper-slide-inner\"><img decoding=\"async\" class=\"swiper-slide-image\" src=\"https:\/\/epsilone.net\/wp-content\/uploads\/2023\/05\/Plan-de-travail-25.png\" alt=\"Plan de travail 25\" \/><\/figure><\/div>\t\t\t<\/div>\n\t\t\t\t\t\t\t\t\t\t\t\t<div class=\"elementor-swiper-button elementor-swiper-button-prev\" role=\"button\" tabindex=\"0\">\n\t\t\t\t\t\t<i aria-hidden=\"true\" class=\"eicon-chevron-left\"><\/i>\t\t\t\t\t<\/div>\n\t\t\t\t\t<div class=\"elementor-swiper-button elementor-swiper-button-next\" role=\"button\" tabindex=\"0\">\n\t\t\t\t\t\t<i aria-hidden=\"true\" class=\"eicon-chevron-right\"><\/i>\t\t\t\t\t<\/div>\n\t\t\t\t\n\t\t\t\t\t\t\t\t\t<\/div>\n\t\t\t\t\t\t<\/div>\n\t\t\t\t<\/div>\n\t\t\t\t\t<\/div>\n\t\t<\/div>\n\t\t\t\t\t<\/div>\n\t\t<\/section>\n\t\t\t\t<\/div>\n\t\t","protected":false},"excerpt":{"rendered":"<p>NOS R\u00c9F\u00c9RENCES Commissariat aux Comptes Expertise comptable et missions diverses Conseils, Gestion des ressources humaines et Administration de la paie Commissariat aux Comptes SOGEDI (ANCIEN AIR LIQUIDE) Pharmacie Centrale de Guin\u00e9e (PCG) AECI MC BAUCHEMIE FOREVER LIVING PRODUCTS TOUMNYNE SARL LANALA ASSURANCES FLUICONNECTO LANALA VIE COMPAGIE FRUITIERE DE DABOYAH (CFD) LANALA FINANCES SOGUIMAP AFRIBONE ONOMO [&hellip;]<\/p>\n","protected":false},"author":5,"featured_media":0,"parent":0,"menu_order":0,"comment_status":"closed","ping_status":"closed","template":"","meta":{"footnotes":""},"acf":[],"_links":{"self":[{"href":"https:\/\/epsilone.net\/index.php?rest_route=\/wp\/v2\/pages\/4306"}],"collection":[{"href":"https:\/\/epsilone.net\/index.php?rest_route=\/wp\/v2\/pages"}],"about":[{"href":"https:\/\/epsilone.net\/index.php?rest_route=\/wp\/v2\/types\/page"}],"author":[{"embeddable":true,"href":"https:\/\/epsilone.net\/index.php?rest_route=\/wp\/v2\/users\/5"}],"replies":[{"embeddable":true,"href":"https:\/\/epsilone.net\/index.php?rest_route=%2Fwp%2Fv2%2Fcomments&post=4306"}],"version-history":[{"count":40,"href":"https:\/\/epsilone.net\/index.php?rest_route=\/wp\/v2\/pages\/4306\/revisions"}],"predecessor-version":[{"id":33491,"href":"https:\/\/epsilone.net\/index.php?rest_route=\/wp\/v2\/pages\/4306\/revisions\/33491"}],"wp:attachment":[{"href":"https:\/\/epsilone.net\/index.php?rest_route=%2Fwp%2Fv2%2Fmedia&parent=4306"}],"curies":[{"name":"wp","href":"https:\/\/api.w.org\/{rel}","templated":true}]}}