{"id":32502,"date":"2020-10-22T10:30:20","date_gmt":"2020-10-22T10:30:20","guid":{"rendered":"http:\/\/ecigroupe.com\/?page_id=32502"},"modified":"2023-05-23T12:29:20","modified_gmt":"2023-05-23T11:29:20","slug":"what-we-do","status":"publish","type":"page","link":"https:\/\/epsilone.net\/?page_id=32502","title":{"rendered":"Nos m\u00e9tiers"},"content":{"rendered":"\t\t<div data-elementor-type=\"wp-page\" data-elementor-id=\"32502\" class=\"elementor elementor-32502\">\n\t\t\t\t\t\t<section class=\"elementor-section elementor-top-section elementor-element elementor-element-73bdca8 elementor-section-boxed elementor-section-height-default elementor-section-height-default\" data-id=\"73bdca8\" data-element_type=\"section\">\n\t\t\t\t\t\t<div class=\"elementor-container elementor-column-gap-default\">\n\t\t\t\t\t<div class=\"elementor-column elementor-col-100 elementor-top-column elementor-element elementor-element-b6894fd\" data-id=\"b6894fd\" data-element_type=\"column\">\n\t\t\t<div class=\"elementor-widget-wrap\">\n\t\t\t\t\t\t\t<\/div>\n\t\t<\/div>\n\t\t\t\t\t<\/div>\n\t\t<\/section>\n\t\t\t\t<section class=\"elementor-section elementor-top-section elementor-element elementor-element-f33926d elementor-section-stretched elementor-section-boxed elementor-section-height-default elementor-section-height-default\" data-id=\"f33926d\" data-element_type=\"section\" data-settings=\"{&quot;stretch_section&quot;:&quot;section-stretched&quot;,&quot;background_background&quot;:&quot;classic&quot;}\">\n\t\t\t\t\t\t<div class=\"elementor-container elementor-column-gap-default\">\n\t\t\t\t\t<div class=\"elementor-column elementor-col-33 elementor-top-column elementor-element elementor-element-4c7ad2d\" data-id=\"4c7ad2d\" data-element_type=\"column\" data-settings=\"{&quot;background_background&quot;:&quot;classic&quot;}\">\n\t\t\t<div class=\"elementor-widget-wrap elementor-element-populated\">\n\t\t\t\t\t\t<div class=\"elementor-element elementor-element-91b2405 elementor-widget elementor-widget-image\" data-id=\"91b2405\" data-element_type=\"widget\" data-widget_type=\"image.default\">\n\t\t\t\t<div class=\"elementor-widget-container\">\n\t\t\t\t\t\t\t\t\t\t\t\t\t\t\t<img fetchpriority=\"high\" decoding=\"async\" width=\"1024\" height=\"684\" src=\"https:\/\/epsilone.net\/wp-content\/uploads\/2021\/10\/conference-motivation-richard-roy-1024x684-2.jpg\" class=\"attachment-full size-full wp-image-33333\" alt=\"\" srcset=\"https:\/\/epsilone.net\/wp-content\/uploads\/2021\/10\/conference-motivation-richard-roy-1024x684-2.jpg 1024w, https:\/\/epsilone.net\/wp-content\/uploads\/2021\/10\/conference-motivation-richard-roy-1024x684-2-300x200.jpg 300w, https:\/\/epsilone.net\/wp-content\/uploads\/2021\/10\/conference-motivation-richard-roy-1024x684-2-768x513.jpg 768w\" sizes=\"(max-width: 1024px) 100vw, 1024px\" \/>\t\t\t\t\t\t\t\t\t\t\t\t\t\t\t<\/div>\n\t\t\t\t<\/div>\n\t\t\t\t<div class=\"elementor-element elementor-element-922e1df elementor-widget elementor-widget-image\" data-id=\"922e1df\" data-element_type=\"widget\" data-widget_type=\"image.default\">\n\t\t\t\t<div class=\"elementor-widget-container\">\n\t\t\t\t\t\t\t\t\t\t\t\t\t\t\t<img decoding=\"async\" width=\"724\" height=\"483\" src=\"https:\/\/epsilone.net\/wp-content\/uploads\/2021\/10\/comment-definir-ses-objectifs-de-developpement-personnel.jpg\" class=\"attachment-full size-full wp-image-33334\" alt=\"\" srcset=\"https:\/\/epsilone.net\/wp-content\/uploads\/2021\/10\/comment-definir-ses-objectifs-de-developpement-personnel.jpg 724w, https:\/\/epsilone.net\/wp-content\/uploads\/2021\/10\/comment-definir-ses-objectifs-de-developpement-personnel-300x200.jpg 300w\" sizes=\"(max-width: 724px) 100vw, 724px\" \/>\t\t\t\t\t\t\t\t\t\t\t\t\t\t\t<\/div>\n\t\t\t\t<\/div>\n\t\t\t\t\t<\/div>\n\t\t<\/div>\n\t\t\t\t<div class=\"elementor-column elementor-col-33 elementor-top-column elementor-element elementor-element-8ff2276 elementor-hidden-tablet\" data-id=\"8ff2276\" data-element_type=\"column\">\n\t\t\t<div class=\"elementor-widget-wrap\">\n\t\t\t\t\t\t\t<\/div>\n\t\t<\/div>\n\t\t\t\t<div class=\"elementor-column elementor-col-33 elementor-top-column elementor-element elementor-element-1bffc77\" data-id=\"1bffc77\" data-element_type=\"column\">\n\t\t\t<div class=\"elementor-widget-wrap elementor-element-populated\">\n\t\t\t\t\t\t<div class=\"elementor-element elementor-element-cdfd5da elementor-widget elementor-widget-heading\" data-id=\"cdfd5da\" data-element_type=\"widget\" data-widget_type=\"heading.default\">\n\t\t\t\t<div class=\"elementor-widget-container\">\n\t\t\t\t\t<h2 class=\"elementor-heading-title elementor-size-default\">NOS METIERS<\/h2>\t\t\t\t<\/div>\n\t\t\t\t<\/div>\n\t\t\t\t<div class=\"elementor-element elementor-element-5c31bf3 elementor-position-left home-five-box-two  radiantthemes-retina elementor-vertical-align-top elementor-widget elementor-widget-image-box\" data-id=\"5c31bf3\" data-element_type=\"widget\" data-widget_type=\"image-box.default\">\n\t\t\t\t<div class=\"elementor-widget-container\">\n\t\t\t\t\t<div class=\"elementor-image-box-wrapper\"><figure class=\"elementor-image-box-img\"><img decoding=\"async\" width=\"61\" height=\"63\" src=\"https:\/\/epsilone.net\/wp-content\/uploads\/2020\/10\/service-three-icon-1.png\" class=\"attachment-full size-full wp-image-32507\" alt=\"\" \/><\/figure><div class=\"elementor-image-box-content\"><h4 class=\"elementor-image-box-title\">AUDIT & COMMISSARIAT AUX COMPTES<\/h4><\/div><\/div>\t\t\t\t<\/div>\n\t\t\t\t<\/div>\n\t\t\t\t<div class=\"elementor-element elementor-element-ae1d76e elementor-position-left home-five-box-two  radiantthemes-retina elementor-vertical-align-top elementor-widget elementor-widget-image-box\" data-id=\"ae1d76e\" data-element_type=\"widget\" data-widget_type=\"image-box.default\">\n\t\t\t\t<div class=\"elementor-widget-container\">\n\t\t\t\t\t<div class=\"elementor-image-box-wrapper\"><figure class=\"elementor-image-box-img\"><img loading=\"lazy\" decoding=\"async\" width=\"44\" height=\"48\" src=\"https:\/\/epsilone.net\/wp-content\/uploads\/2020\/12\/satas.png\" class=\"attachment-full size-full wp-image-32790\" alt=\"\" \/><\/figure><div class=\"elementor-image-box-content\"><h4 class=\"elementor-image-box-title\">CONSEIL JURIDIQUE ET FISCAL<\/h4><p class=\"elementor-image-box-description\"><li>Assistance Juridique, Fiscale et Sociale<\/li>\n<li>Audit Fiscal<\/li>\n<li>Audit Juridique et Social<\/li>\n<li>Secr\u00e9tariat Juridique<\/li>\n<li>Domiciliation l\u00e9gale<\/li>\n<\/p><\/div><\/div>\t\t\t\t<\/div>\n\t\t\t\t<\/div>\n\t\t\t\t<div class=\"elementor-element elementor-element-6fa308d elementor-position-left home-five-box-two  radiantthemes-retina elementor-vertical-align-top elementor-widget elementor-widget-image-box\" data-id=\"6fa308d\" data-element_type=\"widget\" data-widget_type=\"image-box.default\">\n\t\t\t\t<div class=\"elementor-widget-container\">\n\t\t\t\t\t<div class=\"elementor-image-box-wrapper\"><figure class=\"elementor-image-box-img\"><img loading=\"lazy\" decoding=\"async\" width=\"46\" height=\"46\" src=\"https:\/\/epsilone.net\/wp-content\/uploads\/2020\/12\/skills.png\" class=\"attachment-full size-full wp-image-32784\" alt=\"\" \/><\/figure><div class=\"elementor-image-box-content\"><h4 class=\"elementor-image-box-title\">ACCOMPAGNEMENT<\/h4><p class=\"elementor-image-box-description\"><li>Expertise et Assistance comptable\n<li>Paie et assistance \u00e0 la gestion du personnel                                    \n<li>Organisation et contr\u00f4le de gestion\n<li>Restructuration d\u2019entreprises\n<\/p><\/div><\/div>\t\t\t\t<\/div>\n\t\t\t\t<\/div>\n\t\t\t\t<div class=\"elementor-element elementor-element-e4c5129 elementor-position-left home-five-box-two  radiantthemes-retina elementor-vertical-align-top elementor-widget elementor-widget-image-box\" data-id=\"e4c5129\" data-element_type=\"widget\" data-widget_type=\"image-box.default\">\n\t\t\t\t<div class=\"elementor-widget-container\">\n\t\t\t\t\t<div class=\"elementor-image-box-wrapper\"><figure class=\"elementor-image-box-img\"><img loading=\"lazy\" decoding=\"async\" width=\"42\" height=\"48\" src=\"https:\/\/epsilone.net\/wp-content\/uploads\/2020\/12\/Business-Planning.png\" class=\"attachment-full size-full wp-image-32785\" alt=\"\" \/><\/figure><div class=\"elementor-image-box-content\"><h4 class=\"elementor-image-box-title\">EXPERTISES DIVERSES<\/h4><p class=\"elementor-image-box-description\"><li>Etude de faisabilit\u00e9\n<li>Business Plan\n<li>Due Diligence (arbitrage et \u00e9valuation)\n<li>Recherche de financements\n<li>Fusion \u2013 acquisition\n<\/p><\/div><\/div>\t\t\t\t<\/div>\n\t\t\t\t<\/div>\n\t\t\t\t<div class=\"elementor-element elementor-element-20f2200 elementor-position-left home-five-box-two  radiantthemes-retina elementor-vertical-align-top elementor-widget elementor-widget-image-box\" data-id=\"20f2200\" data-element_type=\"widget\" data-widget_type=\"image-box.default\">\n\t\t\t\t<div class=\"elementor-widget-container\">\n\t\t\t\t\t<div class=\"elementor-image-box-wrapper\"><figure class=\"elementor-image-box-img\"><img loading=\"lazy\" decoding=\"async\" width=\"36\" height=\"48\" src=\"https:\/\/epsilone.net\/wp-content\/uploads\/2020\/12\/plan.png\" class=\"attachment-full size-full wp-image-32780\" alt=\"\" \/><\/figure><div class=\"elementor-image-box-content\"><h4 class=\"elementor-image-box-title\">FORMATION<\/h4><p class=\"elementor-image-box-description\"><li>Expertises ind\u00e9pendantes\n<li>Expertises judiciaires\n<li>Formation (intra ou extra entreprise)\n<\/p><\/div><\/div>\t\t\t\t<\/div>\n\t\t\t\t<\/div>\n\t\t\t\t\t<\/div>\n\t\t<\/div>\n\t\t\t\t\t<\/div>\n\t\t<\/section>\n\t\t\t\t<section class=\"elementor-section elementor-top-section elementor-element elementor-element-a8f436e elementor-section-stretched elementor-section-boxed elementor-section-height-default elementor-section-height-default\" data-id=\"a8f436e\" data-element_type=\"section\" data-settings=\"{&quot;stretch_section&quot;:&quot;section-stretched&quot;,&quot;background_background&quot;:&quot;classic&quot;}\">\n\t\t\t\t\t\t<div class=\"elementor-container elementor-column-gap-default\">\n\t\t\t\t\t<div class=\"elementor-column elementor-col-33 elementor-top-column elementor-element elementor-element-09a2e8a\" data-id=\"09a2e8a\" data-element_type=\"column\">\n\t\t\t<div class=\"elementor-widget-wrap\">\n\t\t\t\t\t\t\t<\/div>\n\t\t<\/div>\n\t\t\t\t<div class=\"elementor-column elementor-col-33 elementor-top-column elementor-element elementor-element-efb24c6\" data-id=\"efb24c6\" data-element_type=\"column\">\n\t\t\t<div class=\"elementor-widget-wrap elementor-element-populated\">\n\t\t\t\t\t\t<div class=\"elementor-element elementor-element-e4b5743 elementor-widget elementor-widget-heading\" data-id=\"e4b5743\" data-element_type=\"widget\" data-widget_type=\"heading.default\">\n\t\t\t\t<div class=\"elementor-widget-container\">\n\t\t\t\t\t<h3 class=\"elementor-heading-title elementor-size-default\">Nous fournissons des conseils professionnels pour votre avenir<\/h3>\t\t\t\t<\/div>\n\t\t\t\t<\/div>\n\t\t\t\t\t<\/div>\n\t\t<\/div>\n\t\t\t\t<div class=\"elementor-column elementor-col-33 elementor-top-column elementor-element elementor-element-58b49a5\" data-id=\"58b49a5\" data-element_type=\"column\">\n\t\t\t<div class=\"elementor-widget-wrap\">\n\t\t\t\t\t\t\t<\/div>\n\t\t<\/div>\n\t\t\t\t\t<\/div>\n\t\t<\/section>\n\t\t\t\t<section class=\"elementor-section elementor-top-section elementor-element elementor-element-e78ce9a elementor-section-stretched tab-responsive elementor-section-boxed elementor-section-height-default elementor-section-height-default\" data-id=\"e78ce9a\" data-element_type=\"section\" data-settings=\"{&quot;stretch_section&quot;:&quot;section-stretched&quot;}\">\n\t\t\t\t\t\t<div class=\"elementor-container elementor-column-gap-default\">\n\t\t\t\t\t<div class=\"elementor-column elementor-col-33 elementor-top-column elementor-element elementor-element-c1cda53\" data-id=\"c1cda53\" data-element_type=\"column\">\n\t\t\t<div class=\"elementor-widget-wrap elementor-element-populated\">\n\t\t\t\t\t\t<section class=\"elementor-section elementor-inner-section elementor-element elementor-element-0740107 elementor-section-boxed elementor-section-height-default elementor-section-height-default\" data-id=\"0740107\" data-element_type=\"section\">\n\t\t\t\t\t\t<div class=\"elementor-container elementor-column-gap-default\">\n\t\t\t\t\t<div class=\"elementor-column elementor-col-100 elementor-inner-column elementor-element elementor-element-d888e83\" data-id=\"d888e83\" data-element_type=\"column\">\n\t\t\t<div class=\"elementor-widget-wrap elementor-element-populated\">\n\t\t\t\t\t\t<div class=\"elementor-element elementor-element-f48c845 animated-slow home-one-moving-image tab-first-image elementor-widget elementor-widget-image\" data-id=\"f48c845\" data-element_type=\"widget\" data-settings=\"{&quot;_animation&quot;:&quot;none&quot;,&quot;_animation_delay&quot;:1000}\" data-widget_type=\"image.default\">\n\t\t\t\t<div class=\"elementor-widget-container\">\n\t\t\t\t\t\t\t\t\t\t\t\t\t\t\t<img loading=\"lazy\" decoding=\"async\" width=\"1880\" height=\"1255\" src=\"https:\/\/epsilone.net\/wp-content\/uploads\/2021\/05\/REU.jpg\" class=\"attachment-full size-full wp-image-32932\" alt=\"\" srcset=\"https:\/\/epsilone.net\/wp-content\/uploads\/2021\/05\/REU.jpg 1880w, https:\/\/epsilone.net\/wp-content\/uploads\/2021\/05\/REU-300x200.jpg 300w, https:\/\/epsilone.net\/wp-content\/uploads\/2021\/05\/REU-1024x684.jpg 1024w, https:\/\/epsilone.net\/wp-content\/uploads\/2021\/05\/REU-768x513.jpg 768w, https:\/\/epsilone.net\/wp-content\/uploads\/2021\/05\/REU-1536x1025.jpg 1536w, https:\/\/epsilone.net\/wp-content\/uploads\/2021\/05\/REU-600x401.jpg 600w\" sizes=\"(max-width: 1880px) 100vw, 1880px\" \/>\t\t\t\t\t\t\t\t\t\t\t\t\t\t\t<\/div>\n\t\t\t\t<\/div>\n\t\t\t\t\t<\/div>\n\t\t<\/div>\n\t\t\t\t\t<\/div>\n\t\t<\/section>\n\t\t\t\t<section class=\"elementor-section elementor-inner-section elementor-element elementor-element-1d28aa9 elementor-section-boxed elementor-section-height-default elementor-section-height-default\" data-id=\"1d28aa9\" data-element_type=\"section\">\n\t\t\t\t\t\t<div class=\"elementor-container elementor-column-gap-default\">\n\t\t\t\t\t<div class=\"elementor-column elementor-col-50 elementor-inner-column elementor-element elementor-element-610341f\" data-id=\"610341f\" data-element_type=\"column\">\n\t\t\t<div class=\"elementor-widget-wrap\">\n\t\t\t\t\t\t\t<\/div>\n\t\t<\/div>\n\t\t\t\t<div class=\"elementor-column elementor-col-50 elementor-inner-column elementor-element elementor-element-ec96988\" data-id=\"ec96988\" data-element_type=\"column\" data-settings=\"{&quot;background_background&quot;:&quot;classic&quot;}\">\n\t\t\t<div class=\"elementor-widget-wrap elementor-element-populated\">\n\t\t\t\t\t\t<div class=\"elementor-element elementor-element-8d91dc8 home-two-video-icon elementor-widget__width-initial elementor-absolute elementor-widget elementor-widget-image\" data-id=\"8d91dc8\" data-element_type=\"widget\" data-settings=\"{&quot;_position&quot;:&quot;absolute&quot;}\" data-widget_type=\"image.default\">\n\t\t\t\t<div class=\"elementor-widget-container\">\n\t\t\t\t\t\t\t\t\t\t\t\t\t\t\t<img loading=\"lazy\" decoding=\"async\" width=\"95\" height=\"95\" src=\"https:\/\/epsilone.net\/wp-content\/uploads\/2020\/10\/headphon.png\" class=\"attachment-full size-full wp-image-32542\" alt=\"\" \/>\t\t\t\t\t\t\t\t\t\t\t\t\t\t\t<\/div>\n\t\t\t\t<\/div>\n\t\t\t\t<div class=\"elementor-element elementor-element-43d6c55 elementor-widget elementor-widget-heading\" data-id=\"43d6c55\" data-element_type=\"widget\" data-widget_type=\"heading.default\">\n\t\t\t\t<div class=\"elementor-widget-container\">\n\t\t\t\t\t<p class=\"elementor-heading-title elementor-size-default\">POUR VOS SERVICES<\/p>\t\t\t\t<\/div>\n\t\t\t\t<\/div>\n\t\t\t\t<div class=\"elementor-element elementor-element-95ab53b elementor-widget elementor-widget-heading\" data-id=\"95ab53b\" data-element_type=\"widget\" data-widget_type=\"heading.default\">\n\t\t\t\t<div class=\"elementor-widget-container\">\n\t\t\t\t\t<h3 class=\"elementor-heading-title elementor-size-default\">(00224) 63 56 19 35<\/h3>\t\t\t\t<\/div>\n\t\t\t\t<\/div>\n\t\t\t\t\t<\/div>\n\t\t<\/div>\n\t\t\t\t\t<\/div>\n\t\t<\/section>\n\t\t\t\t\t<\/div>\n\t\t<\/div>\n\t\t\t\t<div class=\"elementor-column elementor-col-33 elementor-top-column elementor-element elementor-element-3a9cb32\" data-id=\"3a9cb32\" data-element_type=\"column\">\n\t\t\t<div class=\"elementor-widget-wrap\">\n\t\t\t\t\t\t\t<\/div>\n\t\t<\/div>\n\t\t\t\t<div class=\"elementor-column elementor-col-33 elementor-top-column elementor-element elementor-element-a848c33 right-space\" data-id=\"a848c33\" data-element_type=\"column\">\n\t\t\t<div class=\"elementor-widget-wrap elementor-element-populated\">\n\t\t\t\t\t\t<div class=\"elementor-element elementor-element-1597bdb elementor-widget elementor-widget-heading\" data-id=\"1597bdb\" data-element_type=\"widget\" data-widget_type=\"heading.default\">\n\t\t\t\t<div class=\"elementor-widget-container\">\n\t\t\t\t\t<h3 class=\"elementor-heading-title elementor-size-default\">EPSILONE EN CHIFFRE<\/h3>\t\t\t\t<\/div>\n\t\t\t\t<\/div>\n\t\t\t\t<section class=\"elementor-section elementor-inner-section elementor-element elementor-element-1f78c64 elementor-section-boxed elementor-section-height-default elementor-section-height-default\" data-id=\"1f78c64\" data-element_type=\"section\">\n\t\t\t\t\t\t<div class=\"elementor-container elementor-column-gap-default\">\n\t\t\t\t\t<div class=\"elementor-column elementor-col-100 elementor-inner-column elementor-element elementor-element-43750ee\" data-id=\"43750ee\" data-element_type=\"column\">\n\t\t\t<div class=\"elementor-widget-wrap elementor-element-populated\">\n\t\t\t\t\t\t<div class=\"elementor-element elementor-element-805fdfb elementor-widget elementor-widget-radiant-progressbar\" data-id=\"805fdfb\" data-element_type=\"widget\" data-widget_type=\"radiant-progressbar.default\">\n\t\t\t\t<div class=\"elementor-widget-container\">\n\t\t\t\t\t\n\t\t<div class=\"rt-progressbar-container\" data-settings=\"{&quot;progress_length&quot;:&quot;98%&quot;,&quot;speed&quot;:1000}\">\n\t\t\t<p class=\"rt-progressbar-left-label\"><span >AUDIT<\/span><\/p>\n\t\t\t<p class=\"rt-progressbar-right-label\"><span >98%<\/span><\/p>\n\t\t\t<div class=\"clearfix\"><\/div>\n\t\t\t<div class=\"rt-progressbar-bar-wrap\">\n\t\t\t\t<div class=\"rt-progressbar-bar\" role=\"progressbar\" aria-valuemin=\"0\" aria-valuemax=\"100\"><\/div>\n\t\t\t<\/div>\n\t\t<\/div>\n\n\t\t\t\t\t\t<\/div>\n\t\t\t\t<\/div>\n\t\t\t\t<div class=\"elementor-element elementor-element-a0b39ec elementor-widget elementor-widget-radiant-progressbar\" data-id=\"a0b39ec\" data-element_type=\"widget\" data-widget_type=\"radiant-progressbar.default\">\n\t\t\t\t<div class=\"elementor-widget-container\">\n\t\t\t\t\t\n\t\t<div class=\"rt-progressbar-container\" data-settings=\"{&quot;progress_length&quot;:&quot;96%&quot;,&quot;speed&quot;:1000}\">\n\t\t\t<p class=\"rt-progressbar-left-label\"><span >CONSEIL<\/span><\/p>\n\t\t\t<p class=\"rt-progressbar-right-label\"><span >96%<\/span><\/p>\n\t\t\t<div class=\"clearfix\"><\/div>\n\t\t\t<div class=\"rt-progressbar-bar-wrap\">\n\t\t\t\t<div class=\"rt-progressbar-bar\" role=\"progressbar\" aria-valuemin=\"0\" aria-valuemax=\"100\"><\/div>\n\t\t\t<\/div>\n\t\t<\/div>\n\n\t\t\t\t\t\t<\/div>\n\t\t\t\t<\/div>\n\t\t\t\t<div class=\"elementor-element elementor-element-fb9afdb elementor-widget elementor-widget-radiant-progressbar\" data-id=\"fb9afdb\" data-element_type=\"widget\" data-widget_type=\"radiant-progressbar.default\">\n\t\t\t\t<div class=\"elementor-widget-container\">\n\t\t\t\t\t\n\t\t<div class=\"rt-progressbar-container\" data-settings=\"{&quot;progress_length&quot;:&quot;95%&quot;,&quot;speed&quot;:1000}\">\n\t\t\t<p class=\"rt-progressbar-left-label\"><span >FORMATION<\/span><\/p>\n\t\t\t<p class=\"rt-progressbar-right-label\"><span >95%<\/span><\/p>\n\t\t\t<div class=\"clearfix\"><\/div>\n\t\t\t<div class=\"rt-progressbar-bar-wrap\">\n\t\t\t\t<div class=\"rt-progressbar-bar\" role=\"progressbar\" aria-valuemin=\"0\" aria-valuemax=\"100\"><\/div>\n\t\t\t<\/div>\n\t\t<\/div>\n\n\t\t\t\t\t\t<\/div>\n\t\t\t\t<\/div>\n\t\t\t\t\t<\/div>\n\t\t<\/div>\n\t\t\t\t\t<\/div>\n\t\t<\/section>\n\t\t\t\t\t<\/div>\n\t\t<\/div>\n\t\t\t\t\t<\/div>\n\t\t<\/section>\n\t\t\t\t<\/div>\n\t\t","protected":false},"excerpt":{"rendered":"<p>NOS METIERS AUDIT &#038; COMMISSARIAT AUX COMPTES CONSEIL JURIDIQUE ET FISCAL Assistance Juridique, Fiscale et Sociale Audit Fiscal Audit Juridique et Social Secr\u00e9tariat Juridique Domiciliation l\u00e9gale ACCOMPAGNEMENT Expertise et Assistance comptable Paie et assistance \u00e0 la gestion du personnel Organisation et contr\u00f4le de gestion Restructuration d\u2019entreprises EXPERTISES DIVERSES Etude de faisabilit\u00e9 Business Plan Due Diligence [&hellip;]<\/p>\n","protected":false},"author":5,"featured_media":32503,"parent":0,"menu_order":0,"comment_status":"closed","ping_status":"closed","template":"elementor_header_footer","meta":{"footnotes":""},"acf":[],"_links":{"self":[{"href":"https:\/\/epsilone.net\/index.php?rest_route=\/wp\/v2\/pages\/32502"}],"collection":[{"href":"https:\/\/epsilone.net\/index.php?rest_route=\/wp\/v2\/pages"}],"about":[{"href":"https:\/\/epsilone.net\/index.php?rest_route=\/wp\/v2\/types\/page"}],"author":[{"embeddable":true,"href":"https:\/\/epsilone.net\/index.php?rest_route=\/wp\/v2\/users\/5"}],"replies":[{"embeddable":true,"href":"https:\/\/epsilone.net\/index.php?rest_route=%2Fwp%2Fv2%2Fcomments&post=32502"}],"version-history":[{"count":42,"href":"https:\/\/epsilone.net\/index.php?rest_route=\/wp\/v2\/pages\/32502\/revisions"}],"predecessor-version":[{"id":33450,"href":"https:\/\/epsilone.net\/index.php?rest_route=\/wp\/v2\/pages\/32502\/revisions\/33450"}],"wp:featuredmedia":[{"embeddable":true,"href":"https:\/\/epsilone.net\/index.php?rest_route=\/wp\/v2\/media\/32503"}],"wp:attachment":[{"href":"https:\/\/epsilone.net\/index.php?rest_route=%2Fwp%2Fv2%2Fmedia&parent=32502"}],"curies":[{"name":"wp","href":"https:\/\/api.w.org\/{rel}","templated":true}]}}